{"id":5667,"date":"2012-03-10T09:52:10","date_gmt":"2012-03-10T14:52:10","guid":{"rendered":"http:\/\/opuntiads.com?page_id=5667"},"modified":"2019-03-25T14:09:37","modified_gmt":"2019-03-25T18:09:37","slug":"cylindropuntia-leptocaulis","status":"publish","type":"page","link":"https:\/\/www.opuntiads.com\/cyl\/cylindropuntia-leptocaulis\/","title":{"rendered":"Cylindropuntia leptocaulis"},"content":{"rendered":"<h2><strong>De Candolle. 1828. Memoires&nbsp;du Museum d&#8217;Histoire&nbsp;Naturelle 17: 118.<\/strong><\/h2>\n<p><a title=\"Cylindropuntia leptocaulis\" href=\"http:\/\/opuntiads.com\/records\/cyl-leptocaulis-iso.pdf\" target=\"_blank\" rel=\"noopener noreferrer\">Isotype<\/a>; <a title=\"Cylindropuntia leptocaulis\" href=\"http:\/\/opuntiads.com\/records\/cyl-leptocaulis-herb.jpg\" target=\"_blank\" rel=\"noopener noreferrer\">Herbarium specimen<\/a>; <a title=\"Cylindropuntia leptocaulis\" href=\"http:\/\/opuntiads.com\/records\/cyl-leptocaulis-herb2.jpg\" target=\"_blank\" rel=\"noopener noreferrer\">Herbarium specimen<\/a>; <a title=\"Cylindropuntia leptocaulis\" href=\"http:\/\/opuntiads.com\/records\/cyl-leptocaulis-herb3.jpg\" target=\"_blank\" rel=\"noopener noreferrer\">Herbarium specimen<\/a>; <a href=\"http:\/\/opuntiads.com\/records\/cyl-leptocaulis-herb4.jpg\" target=\"_blank\" rel=\"noopener noreferrer\">Herbarium specimen<\/a>; <a href=\"http:\/\/opuntiads.com\/records\/cyl-leptocaulis-herb5.jpg\" target=\"_blank\" rel=\"noopener noreferrer\">Herbarium specimen<\/a>; <a href=\"http:\/\/opuntiads.com\/records\/cyl-leptocaulis-herb6.jpg\" target=\"_blank\" rel=\"noopener noreferrer\">Herbarium specimen<\/a>;&nbsp;<a title=\"Cylindropuntia leptocaulis spinosior\" href=\"http:\/\/opuntiads.com\/records\/cyl-leptocaulis-spinosior-herb.jpg\" target=\"_blank\" rel=\"noopener noreferrer\">Herbarium specimen<\/a>&nbsp;(<em>G. leptocaulis<\/em>&nbsp;\u00d7 <em>G. spinosior<\/em>); <a href=\"https:\/\/opuntiads.com\/records\/cyl-leptocaulisxversicolor-herb.jpg\" target=\"_blank\" rel=\"noopener noreferrer\">Herbarium specimen<\/a> (<em>G. leptocaulis<\/em> \u00d7 <em>G. versicolor<\/em>); <a href=\"https:\/\/opuntiads.com\/records\/cyl-leptocaulisxwhipplei.jpg\" target=\"_blank\" rel=\"noopener noreferrer\">Herbarium specimen<\/a> (<em>G. leptocaulis<\/em> \u00d7 <em>G. whipplei<\/em>); <a title=\"Cylindropuntia leptocaulis\" href=\"http:\/\/opuntiads.com\/records\/plate-vi.jpg\">Drawing<\/a>&nbsp;(Britton and Rose, v1, 1919)<\/p>\n<h3><span style=\"font-size: 18pt;\"><a title=\"Cylindropuntia leptocaulis\" href=\"http:\/\/opuntiads.com\/records\/cyl-leptocaulis-desc.pdf\" target=\"_blank\" rel=\"noopener noreferrer\">Original description<\/a><\/span><\/h3>\n<h3><span style=\"font-size: 18pt;\"><a href=\"http:\/\/www.efloras.org\/florataxon.aspx?flora_id=1&amp;taxon_id=242415140\" target=\"_blank\" rel=\"noopener noreferrer\">Flora of North America treatment<\/a><\/span><\/h3>\n<h3><span style=\"font-size: 18pt;\">What is <em>Cylindropuntia leptocaulis?<\/em><\/span><\/h3>\n<p><em>Cylindropuntia leptocaulis<\/em> is a widespread cholla occurring in a multitude of habitats from 40 to 1500 m elevation from west-central Arizona east through New Mexico and into eastern Texas and far southern Oklahoma, and then south into central Mexico approximately as far as San Luis Potos\u00ed.<\/p>\n<h4>Details<\/h4>\n<p><em>G. leptocaulis<\/em> forms shrubs or even small trees up to 1.8 m tall. The stems of <em>G. leptocaulis<\/em>, which are firmly attached, are the thinnest of the <em>Cylindropuntia<\/em> species (2 to 8 cm long by 0.3 to 0.5 cm wide), hence the specific epithet &#8220;<em>leptocaulis<\/em>&#8221; (&#8220;lepto&#8221; = slender, &#8220;caulis&#8221; = stem) and the common name &#8220;pencil cholla&#8221;. The areoles have only 0 or 1 spine, which is often red-brown with a greyish coat and a yellow tip. Spine sheaths are white, tan, gold, or white, sometimes with red-brown tips. Plants with various spine coloration and spine length can occur in the same population. &nbsp;Flowers are pale yellow to greenish-yellow with greenish-yellow filaments, yellow styles, and greenish-yellow stigmas. Fruits are often red but sometimes yellow. Fruits are fleshy, spineless, smooth and sometimes stalked (stipitate). <em>G. leptocaulis<\/em> is most often diploid (2n = 22), however, triploids (2n = 33) and tetraploids (2n = 44) have also been found.<\/p>\n<p><em>G. leptocaulis<\/em> is known to hybridize with essentially all other <em>Cylindropuntia<\/em> species with which its range overlaps. <em>G. leptocaulis<\/em>&nbsp;\u00d7<em> G. acanthocarpa<\/em> var.<em> major<\/em> is called <em>G.&nbsp;<\/em>\u00d7<em>tetracantha<\/em>.<em>&nbsp;G.<\/em>&nbsp;\u00d7<em>tetracantha<\/em> is distinguished by having 1-4 spines per areole, tepals which are greenish-bronze to red-magenta, and reddish, slightly tuberculate, slightly spiny fruits.&nbsp;Several other hybrids involving <em>G. leptocaulis<\/em> have been erroneously referred to as&nbsp;<em>G.&nbsp;<\/em>\u00d7<em>tetracantha<\/em>. These include<em> G. leptocaulis&nbsp;<\/em>\u00d7<em> G. spinosior<\/em>, which have spineless, reddish, strongly tuberculate fruits; and<em> G. leptocaulis&nbsp;<\/em>\u00d7<em> G. versicolor<\/em>, which have spineless, reddish, smooth, enlarged fruits.<em> G. leptocaulis<\/em> is also known to hybridize with <em>G. fulgida, G. arbuscula, G. kleiniae, <\/em>and<em> G. whipplei<\/em>.<\/p>\nngg_shortcode_0_placeholder\n","protected":false},"excerpt":{"rendered":"<p>De Candolle. 1828. Memoires&nbsp;du Museum d&#8217;Histoire&nbsp;Naturelle 17: 118. Isotype; Herbarium specimen; Herbarium specimen; Herbarium specimen; Herbarium specimen; Herbarium specimen; Herbarium specimen;&nbsp;Herbarium specimen&nbsp;(G. leptocaulis&nbsp;\u00d7 G. spinosior); Herbarium specimen (G. leptocaulis \u00d7 G. versicolor); Herbarium specimen (G. leptocaulis \u00d7 G. whipplei); Drawing&nbsp;(Britton and Rose, v1, 1919) Original description Flora of North America treatment What is Cylindropuntia leptocaulis? &hellip; <a href=\"https:\/\/www.opuntiads.com\/cyl\/cylindropuntia-leptocaulis\/\" class=\"more-link\">Continue reading<span class=\"screen-reader-text\"> &#8220;Cylindropuntia leptocaulis&#8221;<\/span><\/a><\/p>\n","protected":false},"author":4,"featured_media":0,"parent":0,"menu_order":5,"comment_status":"open","ping_status":"closed","template":"","meta":{"ngg_post_thumbnail":0,"footnotes":""},"class_list":["post-5667","page","type-page","status-publish","hentry"],"_links":{"self":[{"href":"https:\/\/www.opuntiads.com\/cyl\/wp-json\/wp\/v2\/pages\/5667","targetHints":{"allow":["GET"]}}],"collection":[{"href":"https:\/\/www.opuntiads.com\/cyl\/wp-json\/wp\/v2\/pages"}],"about":[{"href":"https:\/\/www.opuntiads.com\/cyl\/wp-json\/wp\/v2\/types\/page"}],"author":[{"embeddable":true,"href":"https:\/\/www.opuntiads.com\/cyl\/wp-json\/wp\/v2\/users\/4"}],"replies":[{"embeddable":true,"href":"https:\/\/www.opuntiads.com\/cyl\/wp-json\/wp\/v2\/comments?post=5667"}],"version-history":[{"count":0,"href":"https:\/\/www.opuntiads.com\/cyl\/wp-json\/wp\/v2\/pages\/5667\/revisions"}],"wp:attachment":[{"href":"https:\/\/www.opuntiads.com\/cyl\/wp-json\/wp\/v2\/media?parent=5667"}],"curies":[{"name":"wp","href":"https:\/\/api.w.org\/{rel}","templated":true}]}}